{"id":7524,"date":"2025-03-10T17:06:15","date_gmt":"2025-03-10T22:06:15","guid":{"rendered":"https:\/\/florencia.edu.co\/portal\/v4\/?page_id=7524"},"modified":"2025-03-11T15:37:08","modified_gmt":"2025-03-11T20:37:08","slug":"resoluciones","status":"publish","type":"page","link":"https:\/\/florencia.edu.co\/portal\/v4\/resoluciones\/","title":{"rendered":"Resoluciones"},"content":{"rendered":"\n<p><strong>2025<\/strong><\/p>\n\n\n\n<p><\/p>\n","protected":false},"excerpt":{"rendered":"<p>2025<\/p>\n","protected":false},"author":10,"featured_media":0,"parent":0,"menu_order":0,"comment_status":"closed","ping_status":"closed","template":"","meta":{"advanced_seo_description":"","jetpack_seo_html_title":"","jetpack_seo_noindex":false,"_vp_format_video_url":"","_vp_image_focal_point":[],"footnotes":""},"categories":[],"tags":[],"class_list":["post-7524","page","type-page","status-publish","hentry"],"jetpack-related-posts":[{"id":379,"url":"https:\/\/florencia.edu.co\/portal\/v4\/resoluciones-calendario-academico-2020\/","url_meta":{"origin":7524,"position":0},"title":"Resoluciones Calendario Acad\u00e9mico 2020","author":"wpmanager","date":"10 marzo, 2020","format":false,"excerpt":"Por medio de la cual se establece el calendario acad\u00e9mico para el a\u00f1o 2020.","rel":"","context":"En \u00abResoluciones\u00bb","block_context":{"text":"Resoluciones","link":"https:\/\/florencia.edu.co\/portal\/v4\/category\/resoluciones\/"},"img":{"alt_text":"","src":"","width":0,"height":0},"classes":[]},{"id":544,"url":"https:\/\/florencia.edu.co\/portal\/v4\/resolucion-0240-del-17-marzo-de-2020-modificacion-al-calendario-academico\/","url_meta":{"origin":7524,"position":1},"title":"Resoluci\u00f3n 0240 del 17 marzo de 2020 &#8211; Modificaci\u00f3n al Calendario Acad\u00e9mico","author":"wpmanager","date":"3 abril, 2020","format":false,"excerpt":"Modificaci\u00f3n al Calendario Acad\u00e9mico mediante resoluci\u00f3n 0240 del 17 de marzo de 2020 Ver PDF","rel":"","context":"En \u00abResoluciones\u00bb","block_context":{"text":"Resoluciones","link":"https:\/\/florencia.edu.co\/portal\/v4\/category\/resoluciones\/"},"img":{"alt_text":"","src":"","width":0,"height":0},"classes":[]},{"id":1293,"url":"https:\/\/florencia.edu.co\/portal\/v4\/citacion-a-audiencia-para-la-seleccion-de-plaza-del-concurso-de-meritos\/","url_meta":{"origin":7524,"position":2},"title":"Citaci\u00f3n a audiencia para la selecci\u00f3n de plaza del concurso de m\u00e9ritos","author":"Miller","date":"8 enero, 2021","format":false,"excerpt":"La Secretaria de Educaci\u00f3n Municipal de Florencia, se permite citar a los elegibles por orden de m\u00e9rito","rel":"","context":"En \u00abResoluciones\u00bb","block_context":{"text":"Resoluciones","link":"https:\/\/florencia.edu.co\/portal\/v4\/category\/resoluciones\/"},"img":{"alt_text":"","src":"","width":0,"height":0},"classes":[]},{"id":1159,"url":"https:\/\/florencia.edu.co\/portal\/v4\/proceso-ordinario-de-traslado-2020\/","url_meta":{"origin":7524,"position":3},"title":"Proceso Ordinario de Traslado 2020","author":"Miller","date":"16 octubre, 2020","format":false,"excerpt":"Por medio del cual se fija el cronograma y los criterios para la realizaci\u00f3n del proceso ordinario de traslados","rel":"","context":"En \u00abResoluciones\u00bb","block_context":{"text":"Resoluciones","link":"https:\/\/florencia.edu.co\/portal\/v4\/category\/resoluciones\/"},"img":{"alt_text":"","src":"","width":0,"height":0},"classes":[]},{"id":7516,"url":"https:\/\/florencia.edu.co\/portal\/v4\/plan-anual-de-plan-anual-de-inspeccion-y-vigilancia-poaiv\/","url_meta":{"origin":7524,"position":4},"title":"POAIV","author":"Miller","date":"10 marzo, 2025","format":false,"excerpt":"2025 https:\/\/florencia.edu.co\/portal\/v4\/diagnostico-inicial-poaiv-2025\/","rel":"","context":"En \u00abInspecci\u00f3n y Vigilancia\u00bb","block_context":{"text":"Inspecci\u00f3n y Vigilancia","link":"https:\/\/florencia.edu.co\/portal\/v4\/category\/inspeccion-y-vigilancia\/"},"img":{"alt_text":"","src":"","width":0,"height":0},"classes":[]}],"jetpack_sharing_enabled":true,"_links":{"self":[{"href":"https:\/\/florencia.edu.co\/portal\/v4\/wp-json\/wp\/v2\/pages\/7524","targetHints":{"allow":["GET"]}}],"collection":[{"href":"https:\/\/florencia.edu.co\/portal\/v4\/wp-json\/wp\/v2\/pages"}],"about":[{"href":"https:\/\/florencia.edu.co\/portal\/v4\/wp-json\/wp\/v2\/types\/page"}],"author":[{"embeddable":true,"href":"https:\/\/florencia.edu.co\/portal\/v4\/wp-json\/wp\/v2\/users\/10"}],"replies":[{"embeddable":true,"href":"https:\/\/florencia.edu.co\/portal\/v4\/wp-json\/wp\/v2\/comments?post=7524"}],"version-history":[{"count":2,"href":"https:\/\/florencia.edu.co\/portal\/v4\/wp-json\/wp\/v2\/pages\/7524\/revisions"}],"predecessor-version":[{"id":7601,"href":"https:\/\/florencia.edu.co\/portal\/v4\/wp-json\/wp\/v2\/pages\/7524\/revisions\/7601"}],"wp:attachment":[{"href":"https:\/\/florencia.edu.co\/portal\/v4\/wp-json\/wp\/v2\/media?parent=7524"}],"wp:term":[{"taxonomy":"category","embeddable":true,"href":"https:\/\/florencia.edu.co\/portal\/v4\/wp-json\/wp\/v2\/categories?post=7524"},{"taxonomy":"post_tag","embeddable":true,"href":"https:\/\/florencia.edu.co\/portal\/v4\/wp-json\/wp\/v2\/tags?post=7524"}],"curies":[{"name":"wp","href":"https:\/\/api.w.org\/{rel}","templated":true}]}}