{"id":6287,"date":"2024-02-05T15:37:36","date_gmt":"2024-02-05T20:37:36","guid":{"rendered":"https:\/\/florencia.edu.co\/portal\/v4\/?page_id=6287"},"modified":"2025-03-11T15:35:43","modified_gmt":"2025-03-11T20:35:43","slug":"matriculate-aqui","status":"publish","type":"page","link":"https:\/\/florencia.edu.co\/portal\/v4\/matriculate-aqui\/","title":{"rendered":"Matric\u00falate Aqu\u00ed."},"content":{"rendered":"\n<p><\/p>\n\n\n\n<div class=\"wp-block-group\"><div class=\"wp-block-group__inner-container is-layout-constrained wp-block-group-is-layout-constrained\">\n<ul class=\"wp-block-list\">\n<li><strong><mark style=\"background-color:rgba(0, 0, 0, 0)\" class=\"has-inline-color has-vivid-red-color\"><a href=\"https:\/\/www.ciudadelasigloxxi.edu.co\/\" target=\"_blank\" rel=\"noreferrer noopener\">INSTITUCION EDUCATIVA CIUDADELA SIGLO XXI<\/a>. <\/mark><\/strong>\n<ul class=\"wp-block-list\">\n<li>Rector:      ANDRES MAURICIO HOYOS TRUJILLO <\/li>\n\n\n\n<li>Celular:     3112011043<\/li>\n\n\n\n<li>Barrio:      Abbas Turbay<\/li>\n<\/ul>\n<\/li>\n\n\n\n<li><strong><mark style=\"background-color:rgba(0, 0, 0, 0)\" class=\"has-inline-color has-vivid-red-color\"><a href=\"https:\/\/www.iemigani.edu.co\/\" target=\"_blank\" rel=\"noreferrer noopener\">INSTITUCION EDUCATIVA JUAN BAUTISTA MIGANI<\/a>.<\/mark><\/strong>\n<ul class=\"wp-block-list\">\n<li>Rector :     FERNEY ORTIZ MOLINA<\/li>\n\n\n\n<li>Contacto:  3134572044<\/li>\n\n\n\n<li>Barrio :      Centro<\/li>\n<\/ul>\n<\/li>\n\n\n\n<li><strong><mark style=\"background-color:rgba(0, 0, 0, 0)\" class=\"has-inline-color has-vivid-red-color\"><a href=\"http:\/\/www.innovacionescyc.net\/SINAC23\/\" target=\"_blank\" rel=\"noreferrer noopener\">INSTITUCION EDUCATIVA LOS ANDES<\/a>.<\/mark><\/strong>\n<ul class=\"wp-block-list\">\n<li>Rector :      JESUS EMILIO PINTO GUARNIZO<\/li>\n\n\n\n<li>Contacto :  3107862268<\/li>\n\n\n\n<li>Barrio:        LOS ALPES<\/li>\n<\/ul>\n<\/li>\n\n\n\n<li><strong><mark style=\"background-color:rgba(0, 0, 0, 0)\" class=\"has-inline-color has-vivid-red-color\"><a href=\"http:\/\/www.innovacionescyc.net\/SINAC15\/\" target=\"_blank\" rel=\"noreferrer noopener\">INSTITUTO TECNICO AGROINDUSTRIAL DE LA AMAZONIA<\/a>.<\/mark><\/strong>\n<ul class=\"wp-block-list\">\n<li>Rector:      CESAR AUGUSTO CABRERA MU\u00d1OZ<\/li>\n\n\n\n<li>Contacto:  3208376899<\/li>\n\n\n\n<li>Barrio:       BELLAVISTA<\/li>\n<\/ul>\n<\/li>\n<\/ul>\n<\/div><\/div>\n","protected":false},"excerpt":{"rendered":"","protected":false},"author":10,"featured_media":0,"parent":0,"menu_order":0,"comment_status":"closed","ping_status":"closed","template":"","meta":{"advanced_seo_description":"","jetpack_seo_html_title":"","jetpack_seo_noindex":false,"_vp_format_video_url":"","_vp_image_focal_point":[],"footnotes":""},"categories":[20],"tags":[],"class_list":["post-6287","page","type-page","status-publish","hentry","category-cobertura-educativa"],"jetpack-related-posts":[{"id":999,"url":"https:\/\/florencia.edu.co\/portal\/v4\/maestros-creativos\/","url_meta":{"origin":6287,"position":0},"title":"Maestros Creativos","author":"Miller","date":"4 agosto, 2020","format":false,"excerpt":"Reconocimiento publico a nuestros docentes inscritos que est\u00e1n usando la tecnolog\u00eda como herramienta pedag\u00f3gica durante la pandemia. Nombre y ApellidosEstablecimiento Educativo V\u00eddeos MARLY MORENO MENDEZRURAL LA LIBERTAD SEDE ALTO DE COPOAZUGustavo Adolfo Cardona OrtizJuan Bautista MiganiJhon Fredy Fierro Cuevas I. E. Normal SuperiorYAMID ROA DUQUEJUAN BAUTISTA LA SALLEEdward Casta\u00f1o MartinezIE.\u2026","rel":"","context":"Entrada similar","block_context":{"text":"Entrada similar","link":""},"img":{"alt_text":"","src":"","width":0,"height":0},"classes":[]},{"id":932,"url":"https:\/\/florencia.edu.co\/portal\/v4\/convocatoria-no-5\/","url_meta":{"origin":6287,"position":1},"title":"Convocatoria No.5","author":"Miller","date":"11 julio, 2020","format":false,"excerpt":"Encargo vacante definitiva de un empleo directivo docente -rector de una instituci\u00f3n educativa del municipio de Florencia. Ver Convocatoria","rel":"","context":"Entrada similar","block_context":{"text":"Entrada similar","link":""},"img":{"alt_text":"","src":"","width":0,"height":0},"classes":[]},{"id":967,"url":"https:\/\/florencia.edu.co\/portal\/v4\/acta-de-cierre-convocatoria-no_-05\/","url_meta":{"origin":6287,"position":2},"title":"ACTA DE CIERRE CONVOCATORIA No_ 05","author":"Miller","date":"22 julio, 2020","format":false,"excerpt":"Directivo docente rector instituci\u00f3n educativa Antonio Ricaurte Acta Cierre","rel":"","context":"Entrada similar","block_context":{"text":"Entrada similar","link":""},"img":{"alt_text":"","src":"","width":0,"height":0},"classes":[]},{"id":894,"url":"https:\/\/florencia.edu.co\/portal\/v4\/convocatoria-no-04\/","url_meta":{"origin":6287,"position":3},"title":"Convocatoria No 04","author":"Miller","date":"3 julio, 2020","format":false,"excerpt":"Encargo vacante definitiva de un empleo directivo docente rector de una instituci\u00f3n educativa del municipio de Florencia, igualmente Nota aclaratoria Ver convocatoria Nota Aclaratoria","rel":"","context":"En \u00abComunicados\u00bb","block_context":{"text":"Comunicados","link":"https:\/\/florencia.edu.co\/portal\/v4\/category\/comunicados\/"},"img":{"alt_text":"","src":"","width":0,"height":0},"classes":[]},{"id":995,"url":"https:\/\/florencia.edu.co\/portal\/v4\/convocatoria-no-06-directivo-docente-coordinador\/","url_meta":{"origin":6287,"position":4},"title":"CONVOCATORIA No. 06 DIRECTIVO DOCENTE \u2013 COORDINADOR","author":"Miller","date":"3 agosto, 2020","format":false,"excerpt":"ENCARGO TEMPORAL DE EMPLEO DIRECTIVO DOCENTE DE UNA INSTITUCI\u00d3N EDUCATIVA DEL MUNICIPIO DE FLORENCIA Ver Documento","rel":"","context":"Entrada similar","block_context":{"text":"Entrada similar","link":""},"img":{"alt_text":"","src":"","width":0,"height":0},"classes":[]},{"id":1111,"url":"https:\/\/florencia.edu.co\/portal\/v4\/alternancia-educativa\/","url_meta":{"origin":6287,"position":5},"title":"ALTERNANCIA EDUCATIVA","author":"Miller","date":"3 septiembre, 2020","format":false,"excerpt":"informe a la comunidad educativa que determina la continuidad de la alternancia durante la vigencia 2020 CIRCULAR","rel":"","context":"Entrada similar","block_context":{"text":"Entrada similar","link":""},"img":{"alt_text":"","src":"","width":0,"height":0},"classes":[]}],"jetpack_sharing_enabled":true,"_links":{"self":[{"href":"https:\/\/florencia.edu.co\/portal\/v4\/wp-json\/wp\/v2\/pages\/6287","targetHints":{"allow":["GET"]}}],"collection":[{"href":"https:\/\/florencia.edu.co\/portal\/v4\/wp-json\/wp\/v2\/pages"}],"about":[{"href":"https:\/\/florencia.edu.co\/portal\/v4\/wp-json\/wp\/v2\/types\/page"}],"author":[{"embeddable":true,"href":"https:\/\/florencia.edu.co\/portal\/v4\/wp-json\/wp\/v2\/users\/10"}],"replies":[{"embeddable":true,"href":"https:\/\/florencia.edu.co\/portal\/v4\/wp-json\/wp\/v2\/comments?post=6287"}],"version-history":[{"count":10,"href":"https:\/\/florencia.edu.co\/portal\/v4\/wp-json\/wp\/v2\/pages\/6287\/revisions"}],"predecessor-version":[{"id":7600,"href":"https:\/\/florencia.edu.co\/portal\/v4\/wp-json\/wp\/v2\/pages\/6287\/revisions\/7600"}],"wp:attachment":[{"href":"https:\/\/florencia.edu.co\/portal\/v4\/wp-json\/wp\/v2\/media?parent=6287"}],"wp:term":[{"taxonomy":"category","embeddable":true,"href":"https:\/\/florencia.edu.co\/portal\/v4\/wp-json\/wp\/v2\/categories?post=6287"},{"taxonomy":"post_tag","embeddable":true,"href":"https:\/\/florencia.edu.co\/portal\/v4\/wp-json\/wp\/v2\/tags?post=6287"}],"curies":[{"name":"wp","href":"https:\/\/api.w.org\/{rel}","templated":true}]}}