{"id":1699,"date":"2021-04-18T21:05:14","date_gmt":"2021-04-19T02:05:14","guid":{"rendered":"https:\/\/florencia.edu.co\/portal\/v4\/?page_id=1699"},"modified":"2022-08-12T10:26:49","modified_gmt":"2022-08-12T15:26:49","slug":"galerias-pae","status":"publish","type":"page","link":"https:\/\/florencia.edu.co\/portal\/v4\/galerias-pae\/","title":{"rendered":"Galer\u00edas PAE"},"content":{"rendered":"\n<div class=\"wp-block-group\"><div class=\"wp-block-group__inner-container is-layout-flow wp-block-group-is-layout-flow\"><p>[oxilab_flip_box id=&#8221;4&#8243;]<\/p>\n<\/div><\/div>\n","protected":false},"excerpt":{"rendered":"","protected":false},"author":3,"featured_media":0,"parent":0,"menu_order":0,"comment_status":"closed","ping_status":"closed","template":"","meta":{"_vp_format_video_url":"","_vp_image_focal_point":[],"footnotes":""},"categories":[],"tags":[],"class_list":["post-1699","page","type-page","status-publish","hentry"],"jetpack-related-posts":[{"id":1398,"url":"https:\/\/florencia.edu.co\/portal\/v4\/programa-de-alimentacion-escolar-pae\/","url_meta":{"origin":1699,"position":0},"title":"Programa de Alimentaci\u00f3n Escolar (PAE)","author":"Mabiyiceth","date":"10 marzo, 2021","format":false,"excerpt":"","rel":"","context":"En \u00abCobertura Educativa\u00bb","block_context":{"text":"Cobertura Educativa","link":"https:\/\/florencia.edu.co\/portal\/v4\/category\/cobertura-educativa\/"},"img":{"alt_text":"","src":"","width":0,"height":0},"classes":[]},{"id":599,"url":"https:\/\/florencia.edu.co\/portal\/v4\/segunda-entrega-beneficiarios-del-programa-de-alimentacion-escolar-pae\/","url_meta":{"origin":1699,"position":1},"title":"Segunda Entrega beneficiarios del Programa de Alimentaci\u00f3n Escolar PAE","author":"wpmanager","date":"20 abril, 2020","format":false,"excerpt":"\ud83d\udc49 En el siguiente enlace puedes consultar por N\u00famero de documento de estudiante si es beneficiario del Programa de Alimentaci\u00f3n Escolar","rel":"","context":"Entrada similar","block_context":{"text":"Entrada similar","link":""},"img":{"alt_text":"","src":"https:\/\/i0.wp.com\/florencia.edu.co\/portal\/v4\/wp-content\/uploads\/2020\/06\/segundad-entrega-PAE.jpg?resize=350%2C200&ssl=1","width":350,"height":200,"srcset":"https:\/\/i0.wp.com\/florencia.edu.co\/portal\/v4\/wp-content\/uploads\/2020\/06\/segundad-entrega-PAE.jpg?resize=350%2C200&ssl=1 1x, https:\/\/i0.wp.com\/florencia.edu.co\/portal\/v4\/wp-content\/uploads\/2020\/06\/segundad-entrega-PAE.jpg?resize=525%2C300&ssl=1 1.5x, https:\/\/i0.wp.com\/florencia.edu.co\/portal\/v4\/wp-content\/uploads\/2020\/06\/segundad-entrega-PAE.jpg?resize=700%2C400&ssl=1 2x"},"classes":[]},{"id":1122,"url":"https:\/\/florencia.edu.co\/portal\/v4\/circular-0058-2\/","url_meta":{"origin":1699,"position":2},"title":"Circular 0058","author":"Miller","date":"21 septiembre, 2020","format":false,"excerpt":"Tercera y cuarta entrega de raciones para preparar en casa RPC- Programa de Alimentaci\u00f3n Escolar PAE Circular","rel":"","context":"En \u00abCirculares\u00bb","block_context":{"text":"Circulares","link":"https:\/\/florencia.edu.co\/portal\/v4\/category\/circulares\/"},"img":{"alt_text":"","src":"","width":0,"height":0},"classes":[]},{"id":341,"url":"https:\/\/florencia.edu.co\/portal\/v4\/comunicado-no-4\/","url_meta":{"origin":1699,"position":3},"title":"Comunicado No 04 &#8211; 03 de Marzo 2020","author":"wpmanager","date":"9 marzo, 2020","format":false,"excerpt":"Que de acuerdo a la vacante temporal dejada por el funcionario FLOR IRENE TALERO LOZANO","rel":"","context":"En \u00abComunicados\u00bb","block_context":{"text":"Comunicados","link":"https:\/\/florencia.edu.co\/portal\/v4\/category\/comunicados\/"},"img":{"alt_text":"","src":"","width":0,"height":0},"classes":[]},{"id":1242,"url":"https:\/\/florencia.edu.co\/portal\/v4\/resolucion-no-0641\/","url_meta":{"origin":1699,"position":4},"title":"RESOLUCION No. 0641","author":"Miller","date":"7 diciembre, 2020","format":false,"excerpt":"Por la cual se modifica el art\u00edculo segundo de la Resoluci\u00f3n No. 0150 del 18 de febrero de 2020 y el art\u00edculo cuarto de la Resoluci\u00f3n No. 0294 del 4 de mayo de 2020 Resoluci\u00f3n 0641","rel":"","context":"Entrada similar","block_context":{"text":"Entrada similar","link":""},"img":{"alt_text":"","src":"","width":0,"height":0},"classes":[]}],"jetpack_sharing_enabled":true,"_links":{"self":[{"href":"https:\/\/florencia.edu.co\/portal\/v4\/wp-json\/wp\/v2\/pages\/1699","targetHints":{"allow":["GET"]}}],"collection":[{"href":"https:\/\/florencia.edu.co\/portal\/v4\/wp-json\/wp\/v2\/pages"}],"about":[{"href":"https:\/\/florencia.edu.co\/portal\/v4\/wp-json\/wp\/v2\/types\/page"}],"author":[{"embeddable":true,"href":"https:\/\/florencia.edu.co\/portal\/v4\/wp-json\/wp\/v2\/users\/3"}],"replies":[{"embeddable":true,"href":"https:\/\/florencia.edu.co\/portal\/v4\/wp-json\/wp\/v2\/comments?post=1699"}],"version-history":[{"count":12,"href":"https:\/\/florencia.edu.co\/portal\/v4\/wp-json\/wp\/v2\/pages\/1699\/revisions"}],"predecessor-version":[{"id":3705,"href":"https:\/\/florencia.edu.co\/portal\/v4\/wp-json\/wp\/v2\/pages\/1699\/revisions\/3705"}],"wp:attachment":[{"href":"https:\/\/florencia.edu.co\/portal\/v4\/wp-json\/wp\/v2\/media?parent=1699"}],"wp:term":[{"taxonomy":"category","embeddable":true,"href":"https:\/\/florencia.edu.co\/portal\/v4\/wp-json\/wp\/v2\/categories?post=1699"},{"taxonomy":"post_tag","embeddable":true,"href":"https:\/\/florencia.edu.co\/portal\/v4\/wp-json\/wp\/v2\/tags?post=1699"}],"curies":[{"name":"wp","href":"https:\/\/api.w.org\/{rel}","templated":true}]}}